{"id":1417,"date":"2014-01-03T19:57:35","date_gmt":"2014-01-03T13:57:35","guid":{"rendered":"http:\/\/stephanroiss.at\/?page_id=1417"},"modified":"2024-04-15T22:23:42","modified_gmt":"2024-04-15T22:23:42","slug":"graphic-novel","status":"publish","type":"page","link":"https:\/\/stephanroiss.at\/?page_id=1417","title":{"rendered":"Graphic Novel"},"content":{"rendered":"\n<div style=\"height:100px\" aria-hidden=\"true\" class=\"wp-block-spacer\"><\/div>\n\n\n\n<div class=\"wp-block-columns alignwide is-layout-flex wp-container-core-columns-is-layout-28f84493 wp-block-columns-is-layout-flex\">\n<div class=\"wp-block-column is-layout-flow wp-block-column-is-layout-flow\">\n<div class=\"wp-block-group has-global-padding is-layout-constrained wp-block-group-is-layout-constrained\">\n<h2 class=\"wp-block-heading\">Hafen<\/h2>\n\n\n\n<p>Die short graphic novel \u201cHafen\u201d &#8211; eine Kollaboration mit der Illustratorin<a href=\"http:\/\/popilke.de\/index\/home.html\" target=\"_blank\" rel=\"noopener\"> Silke M\u00fcller<\/a> &#8211; wurde beim Literaturwettbewerb Akademie Graz 2013 mit dem 1.Preis ausgezeichnet und erschien 2017 im <a href=\"https:\/\/www.mueckenschwein.de\/produkt\/hafen_124\" target=\"_blank\" rel=\"noopener\">M\u00fcckenschweinverlag<\/a> (Stralsund).<\/p>\n<\/div>\n\n\n\n<blockquote class=\"wp-block-quote is-layout-flow wp-block-quote-is-layout-flow\">\n<p class=\"has-medium-font-size\">Ein Fremder landet in einem unbekannten Hafen. Ort, Zeit und die Umst\u00e4nde, warum der Mann in diesem Hafen &#8220;strandet&#8221;, bleiben unerkl\u00e4rt. Diese Graphic Novel f\u00fchrt uns in existenzialistischer Manier durch die desavouiert wirkende Anlage hin zu einer Bar, in der schemenhaft Menschen erkennbar sind. Mit einem Bier und Hegels &#8220;Ph\u00e4nomenologie&#8221; ausgestattet, verharrt der Reisende in seinen Gedanken versunken, bis zu dem explosiven Ende.<\/p>\n\n\n\n<p class=\"has-medium-font-size\">Eine poetische, koh\u00e4rent erz\u00e4hlte Geschichte, die sich zwischen Beckett und Sartre bewegt. Der Reisende ist ohne Ursache und Ziel in eine Situation geworfen und verharrt darin. Der Text spielt mit Auslassungen, Repetitionen und Momentaufnahmen. Die Zeichnungen sind durch einen sehr eigenwilligen Stil gepr\u00e4gt. Monochrom und schemenhaft entspricht die optische Umsetzung der Charakteristik des Textes. Das z\u00e4he Dahinwinden der Zeit und die Porosit\u00e4t des Seins sind stilistisch \u00fcberzeugend und markant dargestellt.<\/p>\n<cite>Claudia Romeder \/ Residenz Verlag, Jurybegr\u00fcndung Literaturwettbewerb der Akademie Graz<\/cite><\/blockquote>\n<\/div>\n\n\n\n<div class=\"wp-block-column is-layout-flow wp-block-column-is-layout-flow\">\n<figure class=\"wp-block-image alignleft\"><a href=\"http:\/\/issuu.com\/silke-mueller\/docs\/hafen_roissmueller_issue\" target=\"_blank\" rel=\"noopener\"><img loading=\"lazy\" decoding=\"async\" width=\"723\" height=\"1024\" src=\"https:\/\/stephanroiss.at\/wp-content\/uploads\/2014\/01\/hafen_roiss_mueller_broschure-723x1024.jpg\" alt=\"\" class=\"wp-image-1494\" title=\"hafen_roiss_mueller_teaser\" srcset=\"https:\/\/stephanroiss.at\/wp-content\/uploads\/2014\/01\/hafen_roiss_mueller_broschure-723x1024.jpg 723w, https:\/\/stephanroiss.at\/wp-content\/uploads\/2014\/01\/hafen_roiss_mueller_broschure-212x300.jpg 212w, https:\/\/stephanroiss.at\/wp-content\/uploads\/2014\/01\/hafen_roiss_mueller_broschure.jpg 1240w\" sizes=\"auto, (max-width: 723px) 100vw, 723px\" \/><\/a><\/figure>\n<\/div>\n<\/div>\n\n\n\n<div style=\"height:100px\" aria-hidden=\"true\" class=\"wp-block-spacer\"><\/div>\n\n\n\n<div class=\"wp-block-columns alignwide is-layout-flex wp-container-core-columns-is-layout-28f84493 wp-block-columns-is-layout-flex\">\n<div class=\"wp-block-column is-layout-flow wp-block-column-is-layout-flow\">\n<div class=\"wp-block-group has-global-padding is-layout-constrained wp-block-group-is-layout-constrained\">\n<h2 class=\"wp-block-heading\">Bergen<\/h2>\n\n\n\n<p>Die <a href=\"http:\/\/www.popilke.de\/index\/illustration\/Seiten\/graphic_novel____Bergen.html\">Graphic Novel \u201eBergen<\/a>\u201c bildet das Herzst\u00fcck der M\u00fcller-Roiss-Trilogie und erscheint mit freundlicher Unterst\u00fctzung von Heraklit, Goethe und \u201e101 Reykjav\u00edk\u201c.<\/p>\n<\/div>\n<\/div>\n\n\n\n<div class=\"wp-block-column is-layout-flow wp-block-column-is-layout-flow\">\n<figure class=\"wp-block-image aligncenter\"><a href=\"https:\/\/issuu.com\/silke-mueller\/docs\/bergen_graphicnovel_stepanhroiss_si\" target=\"_blank\" rel=\"noopener\"><img loading=\"lazy\" decoding=\"async\" width=\"300\" height=\"200\" src=\"https:\/\/stephanroiss.at\/wp-content\/uploads\/2014\/01\/bergen_titel_quer-300x200.jpg\" alt=\"\" class=\"wp-image-1831\" title=\"bergen_titel_quer\" srcset=\"https:\/\/stephanroiss.at\/wp-content\/uploads\/2014\/01\/bergen_titel_quer-300x200.jpg 300w, https:\/\/stephanroiss.at\/wp-content\/uploads\/2014\/01\/bergen_titel_quer-1024x682.jpg 1024w, https:\/\/stephanroiss.at\/wp-content\/uploads\/2014\/01\/bergen_titel_quer.jpg 1200w\" sizes=\"auto, (max-width: 300px) 100vw, 300px\" \/><\/a><\/figure>\n<\/div>\n<\/div>\n\n\n\n<div style=\"height:100px\" aria-hidden=\"true\" class=\"wp-block-spacer\"><\/div>\n\n\n\n<figure class=\"wp-block-image\"><a href=\"https:\/\/stephanroiss.at\/wp-content\/uploads\/2014\/01\/portrait_roiss_mueller_foto_theresa_schubert_02_sw1.jpg\"><img loading=\"lazy\" decoding=\"async\" width=\"1024\" height=\"575\" src=\"https:\/\/stephanroiss.at\/wp-content\/uploads\/2014\/01\/portrait_roiss_mueller_foto_theresa_schubert_02_sw1-1024x575.jpg\" alt=\"\" class=\"wp-image-1507\" title=\"portrait_roiss_mueller_foto_theresa_schubert_02_sw\" srcset=\"https:\/\/stephanroiss.at\/wp-content\/uploads\/2014\/01\/portrait_roiss_mueller_foto_theresa_schubert_02_sw1-1024x575.jpg 1024w, https:\/\/stephanroiss.at\/wp-content\/uploads\/2014\/01\/portrait_roiss_mueller_foto_theresa_schubert_02_sw1-300x168.jpg 300w, https:\/\/stephanroiss.at\/wp-content\/uploads\/2014\/01\/portrait_roiss_mueller_foto_theresa_schubert_02_sw1.jpg 1890w\" sizes=\"auto, (max-width: 1024px) 100vw, 1024px\" \/><\/a><figcaption class=\"wp-element-caption\"><em><em>Silke M\u00fcller und Stephan Roiss (Foto: Theresa Schubert)<\/em><\/em><\/figcaption><\/figure>\n","protected":false},"excerpt":{"rendered":"<p>Hafen Die short graphic novel \u201cHafen\u201d &#8211; eine Kollaboration mit der Illustratorin Silke M\u00fcller &#8211; wurde beim Literaturwettbewerb Akademie Graz 2013 mit dem 1.Preis ausgezeichnet und erschien 2017 im M\u00fcckenschweinverlag (Stralsund). Ein Fremder landet in einem unbekannten Hafen. Ort, Zeit und die Umst\u00e4nde, warum der Mann in diesem Hafen &#8220;strandet&#8221;, bleiben unerkl\u00e4rt. Diese Graphic Novel [&hellip;]<\/p>\n","protected":false},"author":2,"featured_media":0,"parent":13,"menu_order":4,"comment_status":"open","ping_status":"open","template":"","meta":{"footnotes":""},"class_list":["post-1417","page","type-page","status-publish","hentry"],"_links":{"self":[{"href":"https:\/\/stephanroiss.at\/index.php?rest_route=\/wp\/v2\/pages\/1417","targetHints":{"allow":["GET"]}}],"collection":[{"href":"https:\/\/stephanroiss.at\/index.php?rest_route=\/wp\/v2\/pages"}],"about":[{"href":"https:\/\/stephanroiss.at\/index.php?rest_route=\/wp\/v2\/types\/page"}],"author":[{"embeddable":true,"href":"https:\/\/stephanroiss.at\/index.php?rest_route=\/wp\/v2\/users\/2"}],"replies":[{"embeddable":true,"href":"https:\/\/stephanroiss.at\/index.php?rest_route=%2Fwp%2Fv2%2Fcomments&post=1417"}],"version-history":[{"count":57,"href":"https:\/\/stephanroiss.at\/index.php?rest_route=\/wp\/v2\/pages\/1417\/revisions"}],"predecessor-version":[{"id":3628,"href":"https:\/\/stephanroiss.at\/index.php?rest_route=\/wp\/v2\/pages\/1417\/revisions\/3628"}],"up":[{"embeddable":true,"href":"https:\/\/stephanroiss.at\/index.php?rest_route=\/wp\/v2\/pages\/13"}],"wp:attachment":[{"href":"https:\/\/stephanroiss.at\/index.php?rest_route=%2Fwp%2Fv2%2Fmedia&parent=1417"}],"curies":[{"name":"wp","href":"https:\/\/api.w.org\/{rel}","templated":true}]}}